{"id":1393,"date":"2023-07-18T13:06:56","date_gmt":"2023-07-18T17:06:56","guid":{"rendered":"https:\/\/www.gruntclub.org\/devenir-membre\/"},"modified":"2023-08-28T09:52:11","modified_gmt":"2023-08-28T13:52:11","slug":"devenir-membre","status":"publish","type":"page","link":"https:\/\/www.gruntclub.org\/fr\/devenir-membre\/","title":{"rendered":"Devenir membre"},"content":{"rendered":"<p>[et_pb_section fb_built=\u00a0\u00bb1&Prime; _builder_version=\u00a0\u00bb4.21.0&Prime; _module_preset=\u00a0\u00bbdefault\u00a0\u00bb global_colors_info=\u00a0\u00bb{}\u00a0\u00bb][et_pb_row _builder_version=\u00a0\u00bb4.21.0&Prime; _module_preset=\u00a0\u00bbdefault\u00a0\u00bb global_colors_info=\u00a0\u00bb{}\u00a0\u00bb][et_pb_column type=\u00a0\u00bb4_4&Prime; _builder_version=\u00a0\u00bb4.21.0&Prime; _module_preset=\u00a0\u00bbdefault\u00a0\u00bb global_colors_info=\u00a0\u00bb{}\u00a0\u00bb][et_pb_post_title meta=\u00a0\u00bboff\u00a0\u00bb featured_image=\u00a0\u00bboff\u00a0\u00bb _builder_version=\u00a0\u00bb4.21.0&Prime; _module_preset=\u00a0\u00bbdefault\u00a0\u00bb title_text_align=\u00a0\u00bbcenter\u00a0\u00bb custom_margin=\u00a0\u00bb||20px||false|false\u00a0\u00bb global_colors_info=\u00a0\u00bb{}\u00a0\u00bb][\/et_pb_post_title][et_pb_divider divider_weight=\u00a0\u00bb3px\u00a0\u00bb _builder_version=\u00a0\u00bb4.21.0&Prime; _module_preset=\u00a0\u00bbdefault\u00a0\u00bb max_width=\u00a0\u00bb150px\u00a0\u00bb module_alignment=\u00a0\u00bbcenter\u00a0\u00bb global_colors_info=\u00a0\u00bb{}\u00a0\u00bb][\/et_pb_divider][\/et_pb_column][\/et_pb_row][\/et_pb_section][et_pb_section fb_built=\u00a0\u00bb1&Prime; _builder_version=\u00a0\u00bb4.21.0&Prime; _module_preset=\u00a0\u00bbdefault\u00a0\u00bb background_color=\u00a0\u00bb#2B52AA\u00a0\u00bb global_colors_info=\u00a0\u00bb{}\u00a0\u00bb][et_pb_row column_structure=\u00a0\u00bb1_3,1_3,1_3&Prime; _builder_version=\u00a0\u00bb4.21.0&Prime; _module_preset=\u00a0\u00bbdefault\u00a0\u00bb locked=\u00a0\u00bboff\u00a0\u00bb global_colors_info=\u00a0\u00bb{}\u00a0\u00bb][et_pb_column type=\u00a0\u00bb1_3&Prime; _builder_version=\u00a0\u00bb4.21.0&Prime; _module_preset=\u00a0\u00bbdefault\u00a0\u00bb global_colors_info=\u00a0\u00bb{}\u00a0\u00bb][et_pb_blurb use_icon=\u00a0\u00bbon\u00a0\u00bb font_icon=\u00a0\u00bb&#xf4be;||fa||900&Prime; icon_color=\u00a0\u00bb#FFFFFF\u00a0\u00bb image_icon_width=\u00a0\u00bb56px\u00a0\u00bb _builder_version=\u00a0\u00bb4.21.0&Prime; _module_preset=\u00a0\u00bbdefault\u00a0\u00bb body_text_align=\u00a0\u00bbcenter\u00a0\u00bb body_text_color=\u00a0\u00bb#FFFFFF\u00a0\u00bb animation=\u00a0\u00bboff\u00a0\u00bb hover_enabled=\u00a0\u00bb0&Prime; global_colors_info=\u00a0\u00bb{}\u00a0\u00bb body_font_size=\u00a0\u00bb18px\u00a0\u00bb body_font_size_last_edited=\u00a0\u00bbon|phone\u00a0\u00bb sticky_enabled=\u00a0\u00bb0&Prime; body_font_size_phone=\u00a0\u00bb16px\u00a0\u00bb body_font_size_tablet=\u00a0\u00bb18px\u00a0\u00bb]<\/p>\n<p>Aider le club \u00e0 atteindre<br \/>ses objectifs caritatifs.<\/p>\n<p>[\/et_pb_blurb][\/et_pb_column][et_pb_column type=\u00a0\u00bb1_3&Prime; _builder_version=\u00a0\u00bb4.21.0&Prime; _module_preset=\u00a0\u00bbdefault\u00a0\u00bb global_colors_info=\u00a0\u00bb{}\u00a0\u00bb][et_pb_blurb use_icon=\u00a0\u00bbon\u00a0\u00bb font_icon=\u00a0\u00bb&#xe606;||divi||400&Prime; icon_color=\u00a0\u00bb#FFFFFF\u00a0\u00bb image_icon_width=\u00a0\u00bb56px\u00a0\u00bb _builder_version=\u00a0\u00bb4.21.0&Prime; _module_preset=\u00a0\u00bbdefault\u00a0\u00bb body_text_align=\u00a0\u00bbcenter\u00a0\u00bb body_text_color=\u00a0\u00bb#FFFFFF\u00a0\u00bb animation=\u00a0\u00bboff\u00a0\u00bb global_colors_info=\u00a0\u00bb{}\u00a0\u00bb body_font_size=\u00a0\u00bb18px\u00a0\u00bb body_font_size_phone=\u00a0\u00bb16px\u00a0\u00bb body_font_size_last_edited=\u00a0\u00bbon|phone\u00a0\u00bb body_font_size_tablet=\u00a0\u00bb18px\u00a0\u00bb]<\/p>\n<p>Prix sp\u00e9ciaux pour nos<br \/>\u00e9v\u00e9nements de premier plan<\/p>\n<p>[\/et_pb_blurb][\/et_pb_column][et_pb_column type=\u00a0\u00bb1_3&Prime; _builder_version=\u00a0\u00bb4.21.0&Prime; _module_preset=\u00a0\u00bbdefault\u00a0\u00bb global_colors_info=\u00a0\u00bb{}\u00a0\u00bb][et_pb_blurb use_icon=\u00a0\u00bbon\u00a0\u00bb font_icon=\u00a0\u00bb&#xe023;||divi||400&Prime; icon_color=\u00a0\u00bb#FFFFFF\u00a0\u00bb image_icon_width=\u00a0\u00bb56px\u00a0\u00bb _builder_version=\u00a0\u00bb4.21.0&Prime; _module_preset=\u00a0\u00bbdefault\u00a0\u00bb body_text_align=\u00a0\u00bbcenter\u00a0\u00bb body_text_color=\u00a0\u00bb#FFFFFF\u00a0\u00bb animation=\u00a0\u00bboff\u00a0\u00bb global_colors_info=\u00a0\u00bb{}\u00a0\u00bb body_font_size=\u00a0\u00bb18px\u00a0\u00bb body_font_size_phone=\u00a0\u00bb16px\u00a0\u00bb body_font_size_last_edited=\u00a0\u00bbon|phone\u00a0\u00bb body_font_size_tablet=\u00a0\u00bb18px\u00a0\u00bb]<\/p>\n<p>Participation \u00e0 nos<br \/>\u00e9v\u00e9nements r\u00e9serv\u00e9s aux membres<\/p>\n<p>[\/et_pb_blurb][\/et_pb_column][\/et_pb_row][\/et_pb_section][et_pb_section fb_built=\u00a0\u00bb1&Prime; _builder_version=\u00a0\u00bb4.21.0&Prime; _module_preset=\u00a0\u00bbdefault\u00a0\u00bb global_colors_info=\u00a0\u00bb{}\u00a0\u00bb][et_pb_row _builder_version=\u00a0\u00bb4.21.0&Prime; _module_preset=\u00a0\u00bbdefault\u00a0\u00bb global_colors_info=\u00a0\u00bb{}\u00a0\u00bb][et_pb_column type=\u00a0\u00bb4_4&Prime; _builder_version=\u00a0\u00bb4.21.0&Prime; _module_preset=\u00a0\u00bbdefault\u00a0\u00bb global_colors_info=\u00a0\u00bb{}\u00a0\u00bb][et_pb_code _builder_version=\u00a0\u00bb4.21.0&Prime; _module_preset=\u00a0\u00bbdefault\u00a0\u00bb global_colors_info=\u00a0\u00bb{}\u00a0\u00bb]<div class=\"wcopc\"><\/div>[\/et_pb_code][et_pb_text _builder_version=\u00a0\u00bb4.21.0&Prime; _module_preset=\u00a0\u00bbdefault\u00a0\u00bb hover_enabled=\u00a0\u00bb0&Prime; sticky_enabled=\u00a0\u00bb0&Prime; background_color=\u00a0\u00bb#2B52AA\u00a0\u00bb custom_padding=\u00a0\u00bb10px|12px|10px|12px|true|true\u00a0\u00bb text_text_color=\u00a0\u00bb#FFFFFF\u00a0\u00bb text_orientation=\u00a0\u00bbcenter\u00a0\u00bb]<\/p>\n<p>Toutes les nouvelles demandes d&rsquo;adh\u00e9sion sont soumises \u00e0 l&rsquo;examen et au vote du conseil d&rsquo;administration.<br \/>Votre cotisation ne sera factur\u00e9e qu&rsquo;une fois cette proc\u00e9dure d&rsquo;approbation achev\u00e9e.<\/p>\n<p>[\/et_pb_text][\/et_pb_column][\/et_pb_row][\/et_pb_section]<\/p>\n","protected":false},"excerpt":{"rendered":"<p>Aider le club \u00e0 atteindreses objectifs caritatifs.Prix sp\u00e9ciaux pour nos\u00e9v\u00e9nements de premier planParticipation \u00e0 nos\u00e9v\u00e9nements r\u00e9serv\u00e9s aux membresToutes les nouvelles demandes d&rsquo;adh\u00e9sion sont soumises \u00e0 l&rsquo;examen et [&hellip;]<\/p>\n","protected":false},"author":2,"featured_media":0,"parent":0,"menu_order":0,"comment_status":"closed","ping_status":"closed","template":"","meta":{"_acf_changed":false,"_et_pb_use_builder":"on","_et_pb_old_content":"","_et_gb_content_width":"","_price":"","_stock":"","_tribe_ticket_header":"","_tribe_default_ticket_provider":"","_tribe_ticket_capacity":"0","_ticket_start_date":"","_ticket_end_date":"","_tribe_ticket_show_description":"","_tribe_ticket_show_not_going":false,"_tribe_ticket_use_global_stock":"","_tribe_ticket_global_stock_level":"","_global_stock_mode":"","_global_stock_cap":"","_tribe_rsvp_for_event":"","_tribe_ticket_going_count":"","_tribe_ticket_not_going_count":"","_tribe_tickets_list":"[]","_tribe_ticket_has_attendee_info_fields":false,"footnotes":""},"class_list":["post-1393","page","type-page","status-publish","hentry"],"acf":[],"yoast_head":"<!-- This site is optimized with the Yoast SEO plugin v27.4 - https:\/\/yoast.com\/product\/yoast-seo-wordpress\/ -->\n<title>Devenir membre - The Grunt Club Inc.<\/title>\n<meta name=\"robots\" content=\"index, follow, max-snippet:-1, max-image-preview:large, max-video-preview:-1\" \/>\n<link rel=\"canonical\" href=\"https:\/\/www.gruntclub.org\/fr\/devenir-membre\/\" \/>\n<meta property=\"og:locale\" content=\"fr_FR\" \/>\n<meta property=\"og:type\" content=\"article\" \/>\n<meta property=\"og:title\" content=\"Devenir membre - The Grunt Club Inc.\" \/>\n<meta property=\"og:description\" content=\"Aider le club \u00e0 atteindreses objectifs caritatifs.Prix sp\u00e9ciaux pour nos\u00e9v\u00e9nements de premier planParticipation \u00e0 nos\u00e9v\u00e9nements r\u00e9serv\u00e9s aux membresToutes les nouvelles demandes d&#039;adh\u00e9sion sont soumises \u00e0 l&#039;examen et [&hellip;]\" \/>\n<meta property=\"og:url\" content=\"https:\/\/www.gruntclub.org\/fr\/devenir-membre\/\" \/>\n<meta property=\"og:site_name\" content=\"The Grunt Club Inc.\" \/>\n<meta property=\"article:modified_time\" content=\"2023-08-28T13:52:11+00:00\" \/>\n<meta name=\"twitter:card\" content=\"summary_large_image\" \/>\n<meta name=\"twitter:label1\" content=\"Dur\u00e9e de lecture estim\u00e9e\" \/>\n\t<meta name=\"twitter:data1\" content=\"3 minutes\" \/>\n<script type=\"application\/ld+json\" class=\"yoast-schema-graph\">{\"@context\":\"https:\\\/\\\/schema.org\",\"@graph\":[{\"@type\":\"WebPage\",\"@id\":\"https:\\\/\\\/www.gruntclub.org\\\/fr\\\/devenir-membre\\\/\",\"url\":\"https:\\\/\\\/www.gruntclub.org\\\/fr\\\/devenir-membre\\\/\",\"name\":\"Devenir membre - The Grunt Club Inc.\",\"isPartOf\":{\"@id\":\"https:\\\/\\\/www.gruntclub.org\\\/fr\\\/#website\"},\"datePublished\":\"2023-07-18T17:06:56+00:00\",\"dateModified\":\"2023-08-28T13:52:11+00:00\",\"breadcrumb\":{\"@id\":\"https:\\\/\\\/www.gruntclub.org\\\/fr\\\/devenir-membre\\\/#breadcrumb\"},\"inLanguage\":\"fr-FR\",\"potentialAction\":[{\"@type\":\"ReadAction\",\"target\":[\"https:\\\/\\\/www.gruntclub.org\\\/fr\\\/devenir-membre\\\/\"]}]},{\"@type\":\"BreadcrumbList\",\"@id\":\"https:\\\/\\\/www.gruntclub.org\\\/fr\\\/devenir-membre\\\/#breadcrumb\",\"itemListElement\":[{\"@type\":\"ListItem\",\"position\":1,\"name\":\"Home\",\"item\":\"https:\\\/\\\/www.gruntclub.org\\\/fr\\\/accueil\\\/\"},{\"@type\":\"ListItem\",\"position\":2,\"name\":\"Devenir membre\"}]},{\"@type\":\"WebSite\",\"@id\":\"https:\\\/\\\/www.gruntclub.org\\\/fr\\\/#website\",\"url\":\"https:\\\/\\\/www.gruntclub.org\\\/fr\\\/\",\"name\":\"The Grunt Club Inc.\",\"description\":\"Montreal's Community of Marine Professionals\",\"potentialAction\":[{\"@type\":\"SearchAction\",\"target\":{\"@type\":\"EntryPoint\",\"urlTemplate\":\"https:\\\/\\\/www.gruntclub.org\\\/fr\\\/?s={search_term_string}\"},\"query-input\":{\"@type\":\"PropertyValueSpecification\",\"valueRequired\":true,\"valueName\":\"search_term_string\"}}],\"inLanguage\":\"fr-FR\"}]}<\/script>\n<!-- \/ Yoast SEO plugin. -->","yoast_head_json":{"title":"Devenir membre - The Grunt Club Inc.","robots":{"index":"index","follow":"follow","max-snippet":"max-snippet:-1","max-image-preview":"max-image-preview:large","max-video-preview":"max-video-preview:-1"},"canonical":"https:\/\/www.gruntclub.org\/fr\/devenir-membre\/","og_locale":"fr_FR","og_type":"article","og_title":"Devenir membre - The Grunt Club Inc.","og_description":"Aider le club \u00e0 atteindreses objectifs caritatifs.Prix sp\u00e9ciaux pour nos\u00e9v\u00e9nements de premier planParticipation \u00e0 nos\u00e9v\u00e9nements r\u00e9serv\u00e9s aux membresToutes les nouvelles demandes d'adh\u00e9sion sont soumises \u00e0 l'examen et [&hellip;]","og_url":"https:\/\/www.gruntclub.org\/fr\/devenir-membre\/","og_site_name":"The Grunt Club Inc.","article_modified_time":"2023-08-28T13:52:11+00:00","twitter_card":"summary_large_image","twitter_misc":{"Dur\u00e9e de lecture estim\u00e9e":"3 minutes"},"schema":{"@context":"https:\/\/schema.org","@graph":[{"@type":"WebPage","@id":"https:\/\/www.gruntclub.org\/fr\/devenir-membre\/","url":"https:\/\/www.gruntclub.org\/fr\/devenir-membre\/","name":"Devenir membre - The Grunt Club Inc.","isPartOf":{"@id":"https:\/\/www.gruntclub.org\/fr\/#website"},"datePublished":"2023-07-18T17:06:56+00:00","dateModified":"2023-08-28T13:52:11+00:00","breadcrumb":{"@id":"https:\/\/www.gruntclub.org\/fr\/devenir-membre\/#breadcrumb"},"inLanguage":"fr-FR","potentialAction":[{"@type":"ReadAction","target":["https:\/\/www.gruntclub.org\/fr\/devenir-membre\/"]}]},{"@type":"BreadcrumbList","@id":"https:\/\/www.gruntclub.org\/fr\/devenir-membre\/#breadcrumb","itemListElement":[{"@type":"ListItem","position":1,"name":"Home","item":"https:\/\/www.gruntclub.org\/fr\/accueil\/"},{"@type":"ListItem","position":2,"name":"Devenir membre"}]},{"@type":"WebSite","@id":"https:\/\/www.gruntclub.org\/fr\/#website","url":"https:\/\/www.gruntclub.org\/fr\/","name":"The Grunt Club Inc.","description":"Montreal's Community of Marine Professionals","potentialAction":[{"@type":"SearchAction","target":{"@type":"EntryPoint","urlTemplate":"https:\/\/www.gruntclub.org\/fr\/?s={search_term_string}"},"query-input":{"@type":"PropertyValueSpecification","valueRequired":true,"valueName":"search_term_string"}}],"inLanguage":"fr-FR"}]}},"_links":{"self":[{"href":"https:\/\/www.gruntclub.org\/fr\/wp-json\/wp\/v2\/pages\/1393","targetHints":{"allow":["GET"]}}],"collection":[{"href":"https:\/\/www.gruntclub.org\/fr\/wp-json\/wp\/v2\/pages"}],"about":[{"href":"https:\/\/www.gruntclub.org\/fr\/wp-json\/wp\/v2\/types\/page"}],"author":[{"embeddable":true,"href":"https:\/\/www.gruntclub.org\/fr\/wp-json\/wp\/v2\/users\/2"}],"replies":[{"embeddable":true,"href":"https:\/\/www.gruntclub.org\/fr\/wp-json\/wp\/v2\/comments?post=1393"}],"version-history":[{"count":5,"href":"https:\/\/www.gruntclub.org\/fr\/wp-json\/wp\/v2\/pages\/1393\/revisions"}],"predecessor-version":[{"id":1443,"href":"https:\/\/www.gruntclub.org\/fr\/wp-json\/wp\/v2\/pages\/1393\/revisions\/1443"}],"wp:attachment":[{"href":"https:\/\/www.gruntclub.org\/fr\/wp-json\/wp\/v2\/media?parent=1393"}],"curies":[{"name":"wp","href":"https:\/\/api.w.org\/{rel}","templated":true}]}}